{"id":70,"date":"2016-04-18T11:58:36","date_gmt":"2016-04-18T10:58:36","guid":{"rendered":"https:\/\/epde.info\/2025\/?page_id=70"},"modified":"2025-08-26T13:13:22","modified_gmt":"2025-08-26T12:13:22","slug":"international-scientific-review-board","status":"publish","type":"page","link":"https:\/\/epde.info\/2025\/international-scientific-review-board\/","title":{"rendered":"International Scientific Review Board"},"content":{"rendered":"\n<p>Dr Shakuntala Acharya<br>Dr Alejandro Acu\u00f1a<br>Mr Yigit Akyol<br>Prof Albert Albers<br>Mr Ceri Graham Almrott<br>Prof Deborah Andrews<br>Mr Ehsan Baha<br>Dr Yekta Bakirlio\u011flu<br>Dr Anne Louise Bang<br>Mr Jeff Barrie<br>Miss Abigail Batley<br>Mr Andrew David Beck<br>Dr Anders Berglund<br>Dr Apoorv Naresh Bhatt<br>Dr Erik Bohemia<br>Prof Casper Boks<br>Prof Jonathan Borg<br>Dr Ross Brisco<br>Dr Lyndon Buck<br>Dr Shaghayegh Chitsaz<br>Dr Giovanni Jesue Contreras<br>Ms Monikuntala Das<br>Prof Jos\u00e9 Rodrigo De La O Campos<br>Prof Eduardo De Senzi Zancul<br>Dr Michael Deininger<br>Dr Elies Dekoninck<br>Mrs Berre Su Demir<br>Dr Wouter Eggink<br>Dr Vikki Eriksson<br>Ms Mariia Ershova<br>Dr Ivan Esparragoza<br>Prof Pete Evans<br>Dr Nusa Fain<br>Dr Lawrence Farrugia<br>Prof Philip Farrugia<br>Prof Ana Filomena Curralo<br>Dr Bas Flipsen<br>Dr Aija Freimane<br>Prof Carolina Gill<br>Prof Carlos Alberto Gonzalez Almaguer<br>Ms Amy Grech<br>Dr Clare Green<br>Dr Hilary Grierson<br>Mr Luis Miguel Gutierrez Contreras<br>Prof Carsten Haack<br>Prof Prasanna Prakash Halbe<br>Dr Malte Sebastian Hinsch<br>Mr Alexander (Freddie) Holliman<br>Mr Bryan F. Howell<br>Dr Purba Joshi<br>Ms Louise Brigid Kiernan<br>Dr Byungsoo Kim<br>Dr Ayca Kinik<br>Mr Bj\u00f6rn R. Kokoschko<br>Dr Mehran Koohgilani<br>Dr Yoke-Chin Lai<br>Mr Henry P. Lee<br>Prof Cl\u00e1udia De Souza Lib\u00e2nio<br>Dr Meichun Liu<br>Dr Wei Leong, Leon Loh<br>Mrs Rebecca Macfie<br>Mr Ross John Robert Maclachlan<br>Dr Ramesh Marasini<br>Prof Vinicius Kaster Marini<br>Prof Alison Mckay<br>Prof Dennis Mckeag<br>Dr Muireann Mcmahon<br>Prof Luis Mejia<br>Prof Luis Miguel Gomes Da Costa Ferraz Mota<br>Dr Vicky Mountford-Brown<br>Ms Sunniva M\u00fcnster<br>Dr Aede Hatib Musta&#8217;amal<br>Dr Liliane G. Ngahane Nana<br>Dr Mauricio Novoa<br>Prof Marc Nutzmann<br>Prof Griselda Esthela Oyervides-Ramirez<br>Prof Stefania Palmieri<br>Dr Gert Pasman<br>Prof Neven Pavkovic<br>Prof Owain Pedgley<br>Mr Santiago Perez<br>Mr Konstantinos Petrakis<br>Dr Miroslava Nadkova Petrova<br>Dr Viviana Polo<br>Dr Luis Pons Puiggros<br>Prof Adriana Rivas<br>Dr Maria Isabel Rodriguez-Ferradas<br>Dr David S\u00e1nchez Ruano<br>Prof Bahar Sener<br>Prof Dosun Shin<br>Prof Arlindo Silva<br>Dr Stanko \u0160kec<br>Prof Liliana Soares<br>Mr Yuki Taoka<br>Dr Stela Borisova Tasheva<br>Dr Miguel Terroso<br>Miss Yung Chiau Tsao<br>Dr Koen Turnhout<br>Prof Kelly Umstead<br>Prof Julio Carlos De Souza Van Der Linden<br>Prof Jos\u00e9 Vicente<br>Dr Tijana Vuletic<br>Prof Marina-Elena Wachs<br>Dr Matthew Watkins<br>Dr Renee Wever<br>Dr Eoin White<br>Prof Shahriman Zainal Abidin<br>Prof Yanfang Zhang<br>Dr Yang Zhang<\/p>\n","protected":false},"excerpt":{"rendered":"<p>Dr Shakuntala AcharyaDr Alejandro Acu\u00f1aMr Yigit AkyolProf Albert AlbersMr Ceri Graham AlmrottProf Deborah AndrewsMr Ehsan BahaDr Yekta Bakirlio\u011fluDr Anne Louise BangMr Jeff BarrieMiss Abigail BatleyMr Andrew David BeckDr Anders BerglundDr Apoorv Naresh BhattDr Erik BohemiaProf Casper BoksProf Jonathan BorgDr Ross BriscoDr Lyndon BuckDr Shaghayegh ChitsazDr Giovanni Jesue ContrerasMs Monikuntala DasProf Jos\u00e9 Rodrigo De La O [&hellip;]<\/p>\n","protected":false},"author":2,"featured_media":0,"parent":0,"menu_order":0,"comment_status":"closed","ping_status":"closed","template":"","meta":{"footnotes":""},"class_list":["post-70","page","type-page","status-publish","hentry"],"_links":{"self":[{"href":"https:\/\/epde.info\/2025\/wp-json\/wp\/v2\/pages\/70","targetHints":{"allow":["GET"]}}],"collection":[{"href":"https:\/\/epde.info\/2025\/wp-json\/wp\/v2\/pages"}],"about":[{"href":"https:\/\/epde.info\/2025\/wp-json\/wp\/v2\/types\/page"}],"author":[{"embeddable":true,"href":"https:\/\/epde.info\/2025\/wp-json\/wp\/v2\/users\/2"}],"replies":[{"embeddable":true,"href":"https:\/\/epde.info\/2025\/wp-json\/wp\/v2\/comments?post=70"}],"version-history":[{"count":5,"href":"https:\/\/epde.info\/2025\/wp-json\/wp\/v2\/pages\/70\/revisions"}],"predecessor-version":[{"id":3105,"href":"https:\/\/epde.info\/2025\/wp-json\/wp\/v2\/pages\/70\/revisions\/3105"}],"wp:attachment":[{"href":"https:\/\/epde.info\/2025\/wp-json\/wp\/v2\/media?parent=70"}],"curies":[{"name":"wp","href":"https:\/\/api.w.org\/{rel}","templated":true}]}}