{"id":70,"date":"2016-04-18T11:58:36","date_gmt":"2016-04-18T10:58:36","guid":{"rendered":"https:\/\/epde.info\/2023\/?page_id=70"},"modified":"2023-08-31T22:05:36","modified_gmt":"2023-08-31T21:05:36","slug":"international-scientific-review-board","status":"publish","type":"page","link":"https:\/\/epde.info\/2023\/international-scientific-review-board\/","title":{"rendered":"International Scientific Review Board"},"content":{"rendered":"\n\n\n<p>Dr Alejandro Acu\u00f1a<br>Prof. Deborah Andrews<br>Mrs Mar\u00eda Jos\u00e9 Araya Le\u00f3n<br>Dr Anne Louise Bang<br>Mr Jeff Barrie<br>Mr Andrew David Beck<br>Dr Erik Bohemia<br>Prof. Casper Boks<br>Dr Ross Brisco<br>Dr Lyndon Buck<br>Prof. Peter Childs<br>Dr Juan Crespo<br>Dr Luigi De Napoli<br>Prof. Eduardo de Senzi Zancul<br>Prof. Anna del Corral<br>Prof. Ricardo Duarte Cabral<br>Dr Dorothy Evans<br>Dr Bob Eves<br>Prof. Philip Farrugia<br>Prof. Ana Filomena Curralo<br>Dr Aija Freimane<br>Mr Albert Fuster<br>Prof. Michele Germani<br>Prof. Carlos Alberto Gonzalez Almaguer<br>Dr Hilary Grierson<br>Prof. Carsten Haack<br>Dr Malte Sebastian Hinsch<br>Prof. Bryan F. Howell<br>Prof. William Ion<br>Dr Santosh Nagnath Jagtap<br>Prof. Tero Sakari Juuti<br>Dr Mehran Koohgilani<br>Dr Yoke-Chin Lai<br>Mr Joachim Langenbach<br>Prof. Tatjana Leblanc<br>Mr Julian Lindley<br>Mr Ross John Robert Maclachlan<br>Dr Ramesh Marasini<br>Prof. Alison McKay<br>Prof. Dennis McKeag<br>Dr Christian Mclening<br>Prof. Luis Mejia<br>Prof. David Morgan<br>Mr Richard Morris<br>Prof. Luis Miguel Gomes da Costa Ferraz Mota<br>Dr Aede Hatib Musta&#8217;amal<br>Dr Mauricio Novoa<br>Dr Isabel Ord\u00f3\u00f1ez Pizarro<br>Prof. stefania palmieri<br>Prof. Neven Pavkovic<br>Dr Viviana Polo<br>Dr Luis Pons Puiggros<br>Dr Patrick Pradel<br>Dr Alun John Price<br>Dr Ver\u00f3nica Saavedra Gast\u00e9lum<br>Prof. Liliana Soares<br>Dr Paolo Sustersic<br>Dr Stela Borisova Tasheva<br>Dr Miguel Terroso<br>Ms Virginie Tessier<br>Dr Svetlana Usenyuk-Kravchuk<br>Prof. Julio Carlos de Souza van der Linden<br>Prof. Jos\u00e9 Vicente<br>Prof. Michael Vielhaber<br>Prof. Markus VO\u00df<br>Dr Matthew Watkins<br>Prof. Robert Watty<br>Prof. Shahriman Zainal Abidin<\/p>\n","protected":false},"excerpt":{"rendered":"<p>Dr Alejandro Acu\u00f1aProf. Deborah AndrewsMrs Mar\u00eda Jos\u00e9 Araya Le\u00f3nDr Anne Louise BangMr Jeff BarrieMr Andrew David BeckDr Erik BohemiaProf. Casper BoksDr Ross BriscoDr Lyndon BuckProf. Peter ChildsDr Juan CrespoDr Luigi De NapoliProf. Eduardo de Senzi ZanculProf. Anna del CorralProf. Ricardo Duarte CabralDr Dorothy EvansDr Bob EvesProf. Philip FarrugiaProf. Ana Filomena CurraloDr Aija FreimaneMr Albert FusterProf. [&hellip;]<\/p>\n","protected":false},"author":2,"featured_media":0,"parent":0,"menu_order":0,"comment_status":"closed","ping_status":"closed","template":"","meta":{"footnotes":""},"class_list":["post-70","page","type-page","status-publish","hentry"],"_links":{"self":[{"href":"https:\/\/epde.info\/2023\/wp-json\/wp\/v2\/pages\/70","targetHints":{"allow":["GET"]}}],"collection":[{"href":"https:\/\/epde.info\/2023\/wp-json\/wp\/v2\/pages"}],"about":[{"href":"https:\/\/epde.info\/2023\/wp-json\/wp\/v2\/types\/page"}],"author":[{"embeddable":true,"href":"https:\/\/epde.info\/2023\/wp-json\/wp\/v2\/users\/2"}],"replies":[{"embeddable":true,"href":"https:\/\/epde.info\/2023\/wp-json\/wp\/v2\/comments?post=70"}],"version-history":[{"count":0,"href":"https:\/\/epde.info\/2023\/wp-json\/wp\/v2\/pages\/70\/revisions"}],"wp:attachment":[{"href":"https:\/\/epde.info\/2023\/wp-json\/wp\/v2\/media?parent=70"}],"curies":[{"name":"wp","href":"https:\/\/api.w.org\/{rel}","templated":true}]}}